{"id":1373,"date":"2021-11-27T15:05:18","date_gmt":"2021-11-27T14:05:18","guid":{"rendered":"https:\/\/kasparzehnder.com\/de\/?page_id=1373"},"modified":"2025-05-10T10:40:32","modified_gmt":"2025-05-10T09:40:32","slug":"archiv","status":"publish","type":"page","link":"https:\/\/kasparzehnder.com\/de\/archiv\/","title":{"rendered":"Medienecho"},"content":{"rendered":"<h2>Medienecho<\/h2>\n<ul>\n<li id=\"konzert-kritik\">Konzert-Kritik<\/li>\n<li id=\"cd-kritiken\">CD-Kritiken<\/li>\n<li id=\"interviews\">Interviews<\/li>\n<\/ul>\n<section data-particle_enable=\"false\" data-particle-mobile-disabled=\"false\" data-id=\"2afd9d6\" data-element_type=\"section\">\n<article data-id=\"1970\">\n<header>\n<h3><a title=\"\u201eHart am Berg\u201c\" href=\"https:\/\/kasparzehnder.com\/de\/concert_critics\/hart-am-berg\/\">\u201eHart am Berg\u201c<\/a><\/h3>\n<\/header>\n<p>23. Dezember 2021<\/p>\n<p>https:\/\/www.jungfrauzeitung.ch\/artikel\/195917\/20.12.2021 Peter W\u00e4ch: \u201eEiger\u201c die Oper \u2013 hart am Berg\u201eDem Theater Orchester Biel Solothurn gelingt eine durchwegs packende Inszenierung des historischen Stoffs mit einer konzisen Regie, glaubw\u00fcrdigen Darstellern und einem transparenten Orchesterapparat mit Kaspar Zehnder am Pult.\u201c<\/p>\n<p><a href=\"https:\/\/kasparzehnder.com\/de\/concert_critics\/hart-am-berg\/\">Mehr lesen<\/a><\/p>\n<\/article>\n<article data-id=\"1397\">\n<img fetchpriority=\"high\" decoding=\"async\" src=\"https:\/\/kasparzehnder.com\/de\/wp-content\/uploads\/sites\/3\/2021\/12\/Eiger-10.12.21-akm-768x432.png\" alt=\"\" width=\"768\" height=\"432\" \/><\/p>\n<header>\n<h3><a title=\"Der lange Tod des Toni Kurz\" href=\"https:\/\/kasparzehnder.com\/de\/concert_critics\/concert-critic-der-lange-tod-des-toni-kurz\/\">Der lange Tod des Toni Kurz<\/a><\/h3>\n<\/header>\n<p>20. Dezember 2021<\/p>\n<p>Peter K\u00f6nig, Der Bund, 18.12.2021: \u201eDie Musik begleitet nicht, sondern illustriert und wirkt wie eine eigenst\u00e4ndige Person. Sie steht f\u00fcr die Wucht der Natur, die Unerbittlichkeit des Bergs und die Gravitation schlechthin. Aber sie ist nicht nur schwer, sie ist&#8230;<\/p>\n<p><a href=\"https:\/\/kasparzehnder.com\/de\/concert_critics\/concert-critic-der-lange-tod-des-toni-kurz\/\">Mehr lesen<\/a><\/p>\n<\/article>\n<article data-id=\"1430\">\n<img fetchpriority=\"high\" decoding=\"async\" src=\"https:\/\/kasparzehnder.com\/de\/wp-content\/uploads\/sites\/3\/2021\/12\/Eiger-10.12.21-akm-768x432.png\" alt=\"\" width=\"768\" height=\"432\" \/><\/p>\n<header>\n<h3><a title=\"\u201eFaszinierender Schrecken\u201c\" href=\"https:\/\/kasparzehnder.com\/de\/concert_critics\/concert-critic-faszinierender-schreck\/\">\u201eFaszinierender Schrecken\u201c<\/a><\/h3>\n<\/header>\n<p>17. Dezember 2021<\/p>\n<p>Annelise Alder im Bieler Tagblatt, 20.12.21: \u201eDen packenden Stoff von Autor Tim Kron und Fabian M\u00fcller hat die Regie grossartig auf die kleine B\u00fchne gebracht\u201c.<\/p>\n<p><a href=\"https:\/\/kasparzehnder.com\/de\/concert_critics\/concert-critic-faszinierender-schreck\/\">Mehr lesen<\/a><\/p>\n<\/article>\n<article data-id=\"2002\">\n<header>\n<h3><a title=\"\u201eEine Reise, die im H\u00f6llenl\u00e4rm endet\u201c\" href=\"https:\/\/kasparzehnder.com\/de\/concert_critics\/eine-reise-die-im-hoellenlaerm-endet\/\">\u201eEine Reise, die im H\u00f6llenl\u00e4rm endet\u201c<\/a><\/h3>\n<\/header>\n<p>25. September 2021<\/p>\n<p>24.09.2021 Bieler Tagblatt \/ Annelise Alder: Zur Saisoner\u00f6ffnung Sinfonieorchester Biel Solothurn \u201eDas Herz Kaspar Zehnders schl\u00e4gt f\u00fcr die Musik Osteuropas\u201c<\/p>\n<p><a href=\"https:\/\/kasparzehnder.com\/de\/concert_critics\/eine-reise-die-im-hoellenlaerm-endet\/\">Mehr lesen<\/a><\/p>\n<\/article>\n<\/section>\n<section data-particle_enable=\"false\" data-particle-mobile-disabled=\"false\" data-id=\"2afd9d6\" data-element_type=\"section\">\n<article data-id=\"1429\">\n<img decoding=\"async\" src=\"https:\/\/kasparzehnder.com\/de\/wp-content\/uploads\/sites\/3\/2021\/10\/LauberCDII.jpg\" alt=\"\" width=\"371\" height=\"371\" \/><\/p>\n<header>\n<h3><a title=\"WDR 3 TonArt \u00fcber Lauber\" href=\"https:\/\/kasparzehnder.com\/de\/cd_reviews\/cd-review-example-1\/\">WDR 3 TonArt \u00fcber Lauber<\/a><\/h3>\n<\/header>\n<p>29. November 2021<\/p>\n<p>CD-Kritik: Sinfoniewerke Nr. 3 und Nr. 6 von Joseph Lauber WDR 3 TonArt. 28.09.2021. 06:10 Min.. Verf\u00fcgbar bis 28.09.2022. Dirigent Kaspar Zehnder nimmt zurzeit alle sinfonischen Kompositionen von Joseph Lauber auf. Dorothee Riemer hat sich die neue Ver\u00f6ffentlichungen aus dem&#8230;<\/p>\n<p><a href=\"https:\/\/kasparzehnder.com\/de\/cd_reviews\/cd-review-example-1\/\">Mehr lesen<\/a><\/p>\n<\/article>\n<article data-id=\"1431\">\n<img decoding=\"async\" src=\"https:\/\/kasparzehnder.com\/de\/wp-content\/uploads\/sites\/3\/2021\/11\/20_10_SFG_Lauber_WEB.jpg\" alt=\"\" width=\"200\" height=\"200\" \/><\/p>\n<header>\n<h3><a title=\"MusicWeb: Review Joseph Lauber Sinfonies\" href=\"https:\/\/kasparzehnder.com\/de\/cd_reviews\/cd-review-example-2\/\">MusicWeb: Review Joseph Lauber Sinfonies<\/a><\/h3>\n<\/header>\n<p>29. Januar 2021<\/p>\n<p>MusicWeb International by Jonathan Woolf The notes to this premi\u00e8re recording disarmingly begin by asking \u2018Joseph who?\u2019 and it\u2019s true that if one knows Lauber\u2019s name at all it\u2019s largely in relation to his works for flute and harp, not&#8230;<\/p>\n<p><a href=\"https:\/\/kasparzehnder.com\/de\/cd_reviews\/cd-review-example-2\/\">Mehr lesen<\/a><\/p>\n<\/article>\n<\/section>\n<section data-particle_enable=\"false\" data-particle-mobile-disabled=\"false\" data-id=\"2afd9d6\" data-element_type=\"section\">\n<article data-id=\"1975\">\n<header>\n<h3><a title=\"Interview in Biel Bienne\" href=\"https:\/\/kasparzehnder.com\/de\/interviews\/interview-in-biel-bienne\/\">Interview in Biel Bienne<\/a><\/h3>\n<\/header>\n<p>4. Januar 2022<\/p>\n<p>Von Isabelle W\u00e4ber, 23.\/24. November 2021 SINFONIEORCHESTER BIEL SOLOTHURN\u00abTeam und Familie\u00bb Chefdirigent Kaspar Zehnder wird das Sinfonie Orchester Biel Solothurn (SOBS) nach zehn Jahren verlassen. Unter seiner Leitung ist das Orchester in die Top F\u00fcnf der Schweiz aufgestiegen.<\/p>\n<p><a href=\"https:\/\/kasparzehnder.com\/de\/interviews\/interview-in-biel-bienne\/\">Mehr lesen<\/a><\/p>\n<\/article>\n<article data-id=\"1436\">\n<img loading=\"lazy\" decoding=\"async\" src=\"https:\/\/kasparzehnder.com\/de\/wp-content\/uploads\/sites\/3\/2021\/11\/pasted_15583332240477.png\" alt=\"\" width=\"401\" height=\"600\" \/><\/p>\n<header>\n<h3><a title=\"Interview im Klassikportal Classicpoint.net\" href=\"https:\/\/kasparzehnder.com\/de\/interviews\/interview-example-2\/\">Interview im Klassikportal Classicpoint.net<\/a><\/h3>\n<\/header>\n<p>29. November 2021<\/p>\n<p>Kaspar Zehnder im Interview mit Florian Sch\u00e4r, classicpoint.net, 11.5.2021: Welches Klangbild und was f\u00fcr Qualit\u00e4ten sind Ihnen bei einem Orchester wichtig?Das Klangbild ist nat\u00fcrlich etwas sehr Pers\u00f6nliches, ich behaupte, das gleiche Werk klingt mit dem gleichen Orchester unter zwei Dirigenten&#8230;<\/p>\n<p><a href=\"https:\/\/kasparzehnder.com\/de\/interviews\/interview-example-2\/\">Mehr lesen<\/a><\/p>\n<\/article>\n<\/section>\n<p>Galerie ansehen<\/p>\n<p>Diskographie ansehen<\/p>\n","protected":false},"excerpt":{"rendered":"<p>Medienecho Konzert-Kritik CD-Kritiken Interviews \u201eHart am Berg\u201c 23. Dezember 2021 https:\/\/www.jungfrauzeitung.ch\/artikel\/195917\/20.12.2021 Peter W\u00e4ch: \u201eEiger\u201c die Oper \u2013 hart am Berg\u201eDem Theater Orchester Biel Solothurn gelingt eine durchwegs packende Inszenierung des historischen Stoffs mit einer konzisen Regie, glaubw\u00fcrdigen Darstellern und einem transparenten Orchesterapparat mit Kaspar Zehnder am Pult.\u201c Mehr lesen Der lange Tod des Toni Kurz [&hellip;]<\/p>\n","protected":false},"author":1,"featured_media":0,"parent":0,"menu_order":0,"comment_status":"closed","ping_status":"closed","template":"","meta":{"inline_featured_image":false,"footnotes":""},"class_list":["post-1373","page","type-page","status-publish","hentry"],"_links":{"self":[{"href":"https:\/\/kasparzehnder.com\/de\/wp-json\/wp\/v2\/pages\/1373","targetHints":{"allow":["GET"]}}],"collection":[{"href":"https:\/\/kasparzehnder.com\/de\/wp-json\/wp\/v2\/pages"}],"about":[{"href":"https:\/\/kasparzehnder.com\/de\/wp-json\/wp\/v2\/types\/page"}],"author":[{"embeddable":true,"href":"https:\/\/kasparzehnder.com\/de\/wp-json\/wp\/v2\/users\/1"}],"replies":[{"embeddable":true,"href":"https:\/\/kasparzehnder.com\/de\/wp-json\/wp\/v2\/comments?post=1373"}],"version-history":[{"count":55,"href":"https:\/\/kasparzehnder.com\/de\/wp-json\/wp\/v2\/pages\/1373\/revisions"}],"predecessor-version":[{"id":4438,"href":"https:\/\/kasparzehnder.com\/de\/wp-json\/wp\/v2\/pages\/1373\/revisions\/4438"}],"wp:attachment":[{"href":"https:\/\/kasparzehnder.com\/de\/wp-json\/wp\/v2\/media?parent=1373"}],"curies":[{"name":"wp","href":"https:\/\/api.w.org\/{rel}","templated":true}]}}