{"id":3249,"date":"2024-02-05T15:20:37","date_gmt":"2024-02-05T14:20:37","guid":{"rendered":"https:\/\/kasparzehnder.com\/de\/?page_id=3249"},"modified":"2024-05-31T11:39:57","modified_gmt":"2024-05-31T10:39:57","slug":"programm","status":"publish","type":"page","link":"https:\/\/kasparzehnder.com\/de\/programm\/","title":{"rendered":"Programm"},"content":{"rendered":"\t\t<div data-elementor-type=\"wp-page\" data-elementor-id=\"3249\" class=\"elementor elementor-3249\">\n\t\t\t\t\t\t<section data-particle_enable=\"false\" data-particle-mobile-disabled=\"false\" class=\"elementor-section elementor-top-section elementor-element elementor-element-e004f4b elementor-section-boxed elementor-section-height-default elementor-section-height-default\" data-id=\"e004f4b\" data-element_type=\"section\" data-e-type=\"section\">\n\t\t\t\t\t\t<div class=\"elementor-container elementor-column-gap-default\">\n\t\t\t\t\t<div class=\"elementor-column elementor-col-100 elementor-top-column elementor-element elementor-element-ff332de\" data-id=\"ff332de\" data-element_type=\"column\" data-e-type=\"column\">\n\t\t\t<div class=\"elementor-widget-wrap elementor-element-populated\">\n\t\t\t\t\t\t<section data-particle_enable=\"false\" data-particle-mobile-disabled=\"false\" class=\"elementor-section elementor-inner-section elementor-element elementor-element-f735e8f elementor-section-content-middle elementor-section-boxed elementor-section-height-default elementor-section-height-default\" data-id=\"f735e8f\" data-element_type=\"section\" data-e-type=\"section\">\n\t\t\t\t\t\t<div class=\"elementor-container elementor-column-gap-default\">\n\t\t\t\t\t<div class=\"elementor-column elementor-col-100 elementor-inner-column elementor-element elementor-element-40ee7d0\" data-id=\"40ee7d0\" data-element_type=\"column\" data-e-type=\"column\">\n\t\t\t<div class=\"elementor-widget-wrap elementor-element-populated\">\n\t\t\t\t\t\t<div class=\"elementor-element elementor-element-28b00ac elementor-widget__width-auto elementor-hidden-mobile elementor-widget-divider--view-line elementor-invisible elementor-widget elementor-widget-divider\" data-id=\"28b00ac\" data-element_type=\"widget\" data-e-type=\"widget\" data-settings=\"{&quot;_animation&quot;:&quot;slideInLeft&quot;}\" data-widget_type=\"divider.default\">\n\t\t\t\t<div class=\"elementor-widget-container\">\n\t\t\t\t\t\t\t<div class=\"elementor-divider\">\n\t\t\t<span class=\"elementor-divider-separator\">\n\t\t\t\t\t\t<\/span>\n\t\t<\/div>\n\t\t\t\t\t\t<\/div>\n\t\t\t\t<\/div>\n\t\t\t\t<div class=\"elementor-element elementor-element-ffe62a9 elementor-widget__width-auto animated-fast elementor-invisible elementor-widget elementor-widget-heading\" data-id=\"ffe62a9\" data-element_type=\"widget\" data-e-type=\"widget\" data-settings=\"{&quot;_animation&quot;:&quot;fadeIn&quot;}\" data-widget_type=\"heading.default\">\n\t\t\t\t<div class=\"elementor-widget-container\">\n\t\t\t\t\t<h2 class=\"elementor-heading-title elementor-size-default\">Programm<\/h2>\t\t\t\t<\/div>\n\t\t\t\t<\/div>\n\t\t\t\t<div class=\"elementor-element elementor-element-eb2ce45 elementor-widget__width-auto elementor-widget-divider--view-line elementor-invisible elementor-widget elementor-widget-divider\" data-id=\"eb2ce45\" data-element_type=\"widget\" data-e-type=\"widget\" data-settings=\"{&quot;_animation&quot;:&quot;slideInRight&quot;}\" data-widget_type=\"divider.default\">\n\t\t\t\t<div class=\"elementor-widget-container\">\n\t\t\t\t\t\t\t<div class=\"elementor-divider\">\n\t\t\t<span class=\"elementor-divider-separator\">\n\t\t\t\t\t\t<\/span>\n\t\t<\/div>\n\t\t\t\t\t\t<\/div>\n\t\t\t\t<\/div>\n\t\t\t\t\t<\/div>\n\t\t<\/div>\n\t\t\t\t\t<\/div>\n\t\t<\/section>\n\t\t\t\t<div class=\"elementor-element elementor-element-775c819 elementor-widget__width-initial animated-fast elementor-invisible elementor-widget elementor-widget-text-editor\" data-id=\"775c819\" data-element_type=\"widget\" data-e-type=\"widget\" data-settings=\"{&quot;_animation&quot;:&quot;fadeIn&quot;}\" data-widget_type=\"text-editor.default\">\n\t\t\t\t<div class=\"elementor-widget-container\">\n\t\t\t\t\t\t\t\t\t<h3 data-elementor-setting-key=\"title\" data-pen-placeholder=\"Eingabe hier...\">Festival zum 100. Geburtstag des Berner Komponisten Arthur Furer<\/h3>\n<p><strong><em>K\u00fcnstlerische Leitung: Kaspar Zehnder<\/em><\/strong><\/p>\n<p><strong>Ticketbestellung f\u00fcr die beiden Festkonzerte Sa, 23.03.2024 19h30 und So, 24.03.2024, 17h00 \u00fcber <\/strong><a href=\"http:\/\/www.bko.ch\"><strong>www.bko.ch<\/strong><\/a><strong>. <\/strong><strong>F\u00fcr die \u00fcbrigen Veranstaltungen ist der Eintritt frei (Kollekte).<\/strong><\/p>\n<p><strong>Saal\u00f6ffnung 23. \/ 24. M\u00e4rz 30 Minuten vor Konzertbeginn.<br><\/strong><\/p>\n<p><strong>&nbsp;<\/strong><\/p>\n<h4 style=\"text-align: left\"><strong>EINF\u00dcHRUNG<\/strong><\/h4>\n<p><strong>FREITAG, 22.03.2024, 17h00 Burgerbibliothek Bern, Lesesaal <\/strong>(M\u00fcnstergasse 63, 3011 Bern)<\/p>\n<p><strong>EINF\u00dcHRUNG ZUM JUBIL\u00c4UM \u00abARTHUR FURER 2024\u00bb<\/strong><br>\u00dcber den Musiker und Menschen Arthur Furer und zu den gespielten Werken.<br><em>Mitwirkende: Moritz Achermann (Referat), Kaspar Zehnder (Fl\u00f6te)<br>&nbsp;&nbsp;&nbsp;&nbsp;&nbsp;&nbsp;&nbsp;&nbsp;&nbsp;&nbsp;&nbsp;&nbsp;&nbsp;&nbsp;&nbsp; <strong>Platzzahl beschr\u00e4nkt, Anmeldung empfohlen: administration@kasparzehnder.<\/strong>com<\/em><\/p>\n<h4><strong>PROGRAMM SAMSTAG, 23.03.2024 Petruskirche Bern<\/strong><\/h4>\n<p><strong>16h20 Trompetensignal vom Glockenturm<\/strong><br><strong>16h30 Kirchgemeindesaal<\/strong><\/p>\n<p><strong>KAMMERMUSIK<\/strong><\/p>\n<p><strong>Ludwig van Beethoven<\/strong> (1770-1827): Streichquartett Nr. 2 G-Dur op. 18\/2 &#8211; <a href=\"https:\/\/replay.dropbox.com\/share\/QftwqujyuOJg5ena\" target=\"_blank\" rel=\"noopener\">Konzertvideo<\/a><br><strong>Arthur Furer<\/strong> (1924-2013): Streichquartett Nr. 3 (1986) \u00abin memoriam\u00bb &#8211; <a href=\"https:\/\/replay.dropbox.com\/share\/A7CpNBvMWcG9TMKN\" target=\"_blank\" rel=\"noopener\">Konzertvideo<\/a><br><strong>Johannes Brahms<\/strong> (1833-1897): Streichquartett Nr. 3 B-Dur op. 67 &#8211; <a href=\"https:\/\/replay.dropbox.com\/share\/BRtdEaLoEtGWyHOo\" target=\"_blank\" rel=\"noopener\">Konzertvideo<\/a><\/p>\n<p><strong><em>NERIDA QUARTETT <\/em><\/strong><br><em>(Saskia Niehl, Violine | Nevena Tochev, Violine \/ Grace Leehan, Viola \/ Alma Tedde, Violoncello<\/em>)<\/p>\n<p><strong>19h00\/19h15 Aussenraum<\/strong><\/p>\n<p><strong>KINDERLIEDER<\/strong><br>Empfang des Publikums mit Kinderliedern von Arthur Furer<br><em><strong>Berner M\u00fcnster Kinderchor<\/strong>, Alicia Suarez, Klavier \/ Katrin G\u00fcnther, Leitung<\/em><\/p>\n<p><strong>19h30 Kirche<\/strong><\/p>\n<p><strong>FESTKONZERT<\/strong><\/p>\n<p><strong>Arthur Furer<\/strong> (1924-2013):&nbsp;<a href=\"https:\/\/kasparzehnder.com\/de\/wp-content\/uploads\/sites\/3\/2024\/05\/Text-vita-perennis-jahraus-jahrein-Arthur-Furer.pdf\" target=\"_blank\">Vita perennis<\/a> (1978) f\u00fcr Tenor, M\u00e4nnerchor und Orchester<br><strong>Arthur Furer<\/strong> (1924-2013): <a href=\"https:\/\/kasparzehnder.com\/de\/wp-content\/uploads\/sites\/3\/2024\/05\/Text-Lob-der-Gottheit-Arthur-Furer.pdf\" target=\"_blank\">Lob der Gottheit <\/a>(1993\/94); \u00d6kumenisches Patchwork nach Worten von Karl Wilhelm Ramler (Psalm 19) und buddhistischen, islamischen und j\u00fcdischen Gebetstexten, Sopran, Alt, Bariton, gemischten Chor und Kammerorchester<br><strong>Felix Mendelssohn Bartholdy <\/strong>(1809-1847): Lobgesang op. 52, Sinfonie-Kantate nach Worten der Heiligen Schrift f\u00fcr Soli, Chor und Orchester<\/p>\n<p><em>Marysol Schalit, Sopran \/ Stephanie Sz\u00e1nto, Mezzosopran \/ Lo\u00eec F\u00e9lix, Tenor \/ Wolfgang Resch, Bariton<\/em><br><em>Vokalensemble ardent (Leitung: Patrick Secchiari) \/ suppl\u00e9ments musicaux (Leitung: Moritz Achermann)<\/em><br><em>Berner Kammerorchester<\/em><\/p>\n<p><em>Kaspar Zehnder, Leitung<\/em><\/p>\n<h4><strong>PROGRAMM SONNTAG, 24.03.2024 Petruskirche Bern<\/strong><\/h4>\n<p><strong>09h30 Petruskirche<\/strong><\/p>\n<p><strong>GOTTESDIENST ZUM PALMSONNTAG mit Musik<\/strong><br>Arthur Furer (1924-2013): GOLGATHA <a href=\"https:\/\/kasparzehnder.com\/de\/wp-content\/uploads\/sites\/3\/2024\/05\/Text-Golgatha-Arthur-Furer.pdf\" target=\"_blank\">(Text)<\/a><br><em>Pfr. Daniel Ficker, Liturgie<\/em><br><em>Sarah Brunner, Orgel<\/em><br><em>Schweizer Jugendchor (Chiara Selva und Lea Stadelmann, Einstudierung)<\/em><br><em>Ein Instrumentalensemble (Ana Oltean, Fl\u00f6te \/ Ian Bousfield, Posaune \/ William Kinmont, Posaune \/ Jan Erik Kruijsse, Posaune \/ Jaro Baran, Schlagzeug \/ Kaspar Zehnder, Leitung<\/em>)<\/p>\n<p><strong>11h Kirchgemeindehaus<\/strong><br>JUBIL\u00c4UMSAPERO \u00ab75 JAHRE PETRUSKIRCHE BERN\u00bb<\/p>\n<p><strong>13h20 Trompetensignal vom Glockenturm<\/strong><\/p>\n<p><strong>13h30 Petruskirche<\/strong><\/p>\n<p><strong>CHORKONZERT &#8211;&nbsp;<\/strong><a href=\"https:\/\/replay.dropbox.com\/share\/5exBCUiTXV0bOgqF\" target=\"_blank\" rel=\"noopener\"> Konzert-Video<\/a><br><strong>Arthur Furer <\/strong>(1924-2013): <br>Jahreszeitenlieder (1957) f\u00fcr Frauenchor a cappella<br>Kathedrale (1967) f\u00fcr 6stimmigen Frauenchor a cappella<br>\u00abIch sah des Sommers letzte Rose stehn\u00bb (2013) f\u00fcr Frauenchor a cappella<br><strong>Urauff\u00fchrung des letzten Werks<\/strong> von Arthur Furer<br><em>Schweizer Jugendchor, Chiara Selva und Lea Stadelmann, Leitung<\/em><\/p>\n<p><strong>14h50 Trompetensignal vom Glockenturm<\/strong><\/p>\n<p><strong>15h Kirchgemeindesaal<\/strong><\/p>\n<p><strong>KAMMERMUSIK<\/strong><br><strong>Arthur Furer<\/strong> (1924-2013):<br>Bl\u00e4serquintett (1956) &#8211; <a href=\"https:\/\/replay.dropbox.com\/share\/XdT4VkYnWJJtuPGy?_tk=dropbox_email_6016\" target=\"_blank\" rel=\"noopener\">Konzertvideo<\/a><br>Sonate f\u00fcr Violine solo (1953) &#8211; <a href=\"https:\/\/replay.dropbox.com\/share\/pKjoe3qpoCfrDqew?_tk=dropbox_email_6016\">Konzertvideo<\/a><br>Musica per Viola sola (1990) &#8211; <a href=\"https:\/\/replay.dropbox.com\/share\/FCqWCf3FHlDgfQEO?_tk=dropbox_email_6016\" target=\"_blank\" rel=\"noopener\">Konzertvideo<\/a><br>7 Miniaturen f\u00fcr Violine und Klavier (1952)<br>Monopartita f\u00fcr Fl\u00f6te solo (2002) &#8211; <a href=\"https:\/\/replay.dropbox.com\/share\/d0BlKdu0lYi1yBqV?_tk=dropbox_email_6016\">Konzertvideo<\/a><\/p>\n<p><em>Studierende der HKB (Daria Pittet, Fl\u00f6te \/ Vera Gassmann, Oboe \/ Elnar Kozhakhmetov, Klarinette \/ Zeynep Bozkaplan, Fagott \/ Finn Bohn, Horn \/ Aleksandra Jopek, Violine \/ Mila Krasnyuk, Viola \/ Marta Lucjan, Violine \/ Karol Lucjan, Klavier \/ Nora Gueneux, Fl\u00f6te)<\/em><\/p>\n<p><strong>16h30\/16h45 Aussenraum<\/strong><\/p>\n<p><strong>KINDERLIEDER<\/strong><br>Empfang des Publikums mit Kinderliedern von Arthur Furer<br><em>Berner M\u00fcnster Kinderchor \/ Alicia Suarez, Klavier \/ Katrin G\u00fcnther, Leitung<\/em><\/p>\n<p><strong>17h Petruskirche<\/strong><\/p>\n<p><strong>FESTKONZERT<\/strong><\/p>\n<p><strong>Arthur Furer<\/strong> (1924-2013):&nbsp;<a href=\"https:\/\/kasparzehnder.com\/de\/wp-content\/uploads\/sites\/3\/2024\/05\/Text-vita-perennis-jahraus-jahrein-Arthur-Furer.pdf\" target=\"_blank\">Vita perennis<\/a> (1978) f\u00fcr Tenor, M\u00e4nnerchor und Orchester<br><strong>Arthur Furer<\/strong> (1924-2013):&nbsp;<a href=\"https:\/\/kasparzehnder.com\/de\/wp-content\/uploads\/sites\/3\/2024\/05\/Text-Lob-der-Gottheit-Arthur-Furer.pdf\" target=\"_blank\">Lob der Gottheit<\/a> (1993\/94); \u00d6kumenisches Patchwork nach Worten von Karl Wilhelm Ramler (Psalm 19) und buddhistischen, islamischen und j\u00fcdischen Gebetstexten, Sopran, Alt, Bariton, gemischten Chor und Kammerorchester<br><strong>Felix Mendelssohn Bartholdy <\/strong>(1809-1847): Lobgesang op. 52, Sinfonie-Kantate nach Worten der Heiligen Schrift f\u00fcr Soli, Chor und Orchester<\/p>\n<p><em>Marysol Schalit, Sopran \/ Stephanie Sz\u00e1nto, Mezzosopran \/ Lo\u00eec F\u00e9lix, Tenor \/ Wolfgang Resch, Bariton<\/em><br><em>Vokalensemble ardent (Einstudierung Patrick Secchiari) \/ suppl\u00e9ments musicaux (<\/em><em>Einstudierung <\/em><em> Moritz Achermann)<\/em><br><em>Berner Kammerorchester<\/em><\/p>\n<p><em>Kaspar Zehnder, Leitung<\/em><\/p>\t\t\t\t\t\t\t\t<\/div>\n\t\t\t\t<\/div>\n\t\t\t\t<div class=\"elementor-element elementor-element-27313c0 elementor-widget elementor-widget-button\" data-id=\"27313c0\" data-element_type=\"widget\" data-e-type=\"widget\" data-widget_type=\"button.default\">\n\t\t\t\t<div class=\"elementor-widget-container\">\n\t\t\t\t\t\t\t\t\t<div class=\"elementor-button-wrapper\">\n\t\t\t\t\t<a class=\"elementor-button elementor-button-link elementor-size-sm\" href=\"https:\/\/kasparzehnder.com\/de\/ausfuehrende\/\">\n\t\t\t\t\t\t<span class=\"elementor-button-content-wrapper\">\n\t\t\t\t\t\t\t\t\t<span class=\"elementor-button-text\">Ausf\u00fchrende<\/span>\n\t\t\t\t\t<\/span>\n\t\t\t\t\t<\/a>\n\t\t\t\t<\/div>\n\t\t\t\t\t\t\t\t<\/div>\n\t\t\t\t<\/div>\n\t\t\t\t<div class=\"elementor-element elementor-element-3cb2165 elementor-widget elementor-widget-button\" data-id=\"3cb2165\" data-element_type=\"widget\" data-e-type=\"widget\" data-widget_type=\"button.default\">\n\t\t\t\t<div class=\"elementor-widget-container\">\n\t\t\t\t\t\t\t\t\t<div class=\"elementor-button-wrapper\">\n\t\t\t\t\t<a class=\"elementor-button elementor-button-link elementor-size-sm\" href=\"https:\/\/kasparzehnder.com\/de\/wp-content\/uploads\/sites\/3\/2024\/02\/Programm-Kurzform.jpg\">\n\t\t\t\t\t\t<span class=\"elementor-button-content-wrapper\">\n\t\t\t\t\t\t\t\t\t<span class=\"elementor-button-text\">Programm Download<\/span>\n\t\t\t\t\t<\/span>\n\t\t\t\t\t<\/a>\n\t\t\t\t<\/div>\n\t\t\t\t\t\t\t\t<\/div>\n\t\t\t\t<\/div>\n\t\t\t\t<div class=\"elementor-element elementor-element-2ecf221 elementor-widget elementor-widget-button\" data-id=\"2ecf221\" data-element_type=\"widget\" data-e-type=\"widget\" data-widget_type=\"button.default\">\n\t\t\t\t<div class=\"elementor-widget-container\">\n\t\t\t\t\t\t\t\t\t<div class=\"elementor-button-wrapper\">\n\t\t\t\t\t<a class=\"elementor-button elementor-button-link elementor-size-sm\" href=\"https:\/\/kasparzehnder.com\/de\/wp-content\/uploads\/sites\/3\/2024\/03\/Texte-Golgatha-und-Lob_der_Gottheit_ArthurFurer.pdf\">\n\t\t\t\t\t\t<span class=\"elementor-button-content-wrapper\">\n\t\t\t\t\t\t\t\t\t<span class=\"elementor-button-text\">Liedtexte<\/span>\n\t\t\t\t\t<\/span>\n\t\t\t\t\t<\/a>\n\t\t\t\t<\/div>\n\t\t\t\t\t\t\t\t<\/div>\n\t\t\t\t<\/div>\n\t\t\t\t\t<\/div>\n\t\t<\/div>\n\t\t\t\t\t<\/div>\n\t\t<\/section>\n\t\t\t\t<section data-particle_enable=\"false\" data-particle-mobile-disabled=\"false\" class=\"elementor-section elementor-top-section elementor-element elementor-element-b7b2d2c elementor-section-boxed elementor-section-height-default elementor-section-height-default\" data-id=\"b7b2d2c\" data-element_type=\"section\" data-e-type=\"section\">\n\t\t\t\t\t\t<div class=\"elementor-container elementor-column-gap-default\">\n\t\t\t\t\t<div class=\"elementor-column elementor-col-100 elementor-top-column elementor-element elementor-element-a4c226e\" data-id=\"a4c226e\" data-element_type=\"column\" data-e-type=\"column\">\n\t\t\t<div class=\"elementor-widget-wrap\">\n\t\t\t\t\t\t\t<\/div>\n\t\t<\/div>\n\t\t\t\t\t<\/div>\n\t\t<\/section>\n\t\t\t\t<\/div>\n\t\t","protected":false},"excerpt":{"rendered":"<p>\/*! elementor &#8211; v3.21.0 &#8211; 26-05-2024 *\/ .elementor-widget-divider{&#8211;divider-border-style:none;&#8211;divider-border-width:1px;&#8211;divider-color:#0c0d0e;&#8211;divider-icon-size:20px;&#8211;divider-element-spacing:10px;&#8211;divider-pattern-height:24px;&#8211;divider-pattern-size:20px;&#8211;divider-pattern-url:none;&#8211;divider-pattern-repeat:repeat-x}.elementor-widget-divider .elementor-divider{display:flex}.elementor-widget-divider .elementor-divider__text{font-size:15px;line-height:1;max-width:95%}.elementor-widget-divider .elementor-divider__element{margin:0 var(&#8211;divider-element-spacing);flex-shrink:0}.elementor-widget-divider .elementor-icon{font-size:var(&#8211;divider-icon-size)}.elementor-widget-divider .elementor-divider-separator{display:flex;margin:0;direction:ltr}.elementor-widget-divider&#8211;view-line_icon .elementor-divider-separator,.elementor-widget-divider&#8211;view-line_text .elementor-divider-separator{align-items:center}.elementor-widget-divider&#8211;view-line_icon .elementor-divider-separator:after,.elementor-widget-divider&#8211;view-line_icon .elementor-divider-separator:before,.elementor-widget-divider&#8211;view-line_text .elementor-divider-separator:after,.elementor-widget-divider&#8211;view-line_text .elementor-divider-separator:before{display:block;content:&#8220;&#8220;;border-block-end:0;flex-grow:1;border-block-start:var(&#8211;divider-border-width) var(&#8211;divider-border-style) var(&#8211;divider-color)}.elementor-widget-divider&#8211;element-align-left .elementor-divider .elementor-divider-separator&gt;.elementor-divider__svg:first-of-type{flex-grow:0;flex-shrink:100}.elementor-widget-divider&#8211;element-align-left .elementor-divider-separator:before{content:none}.elementor-widget-divider&#8211;element-align-left .elementor-divider__element{margin-left:0}.elementor-widget-divider&#8211;element-align-right .elementor-divider .elementor-divider-separator&gt;.elementor-divider__svg:last-of-type{flex-grow:0;flex-shrink:100}.elementor-widget-divider&#8211;element-align-right .elementor-divider-separator:after{content:none}.elementor-widget-divider&#8211;element-align-right .elementor-divider__element{margin-right:0}.elementor-widget-divider&#8211;element-align-start .elementor-divider .elementor-divider-separator&gt;.elementor-divider__svg:first-of-type{flex-grow:0;flex-shrink:100}.elementor-widget-divider&#8211;element-align-start .elementor-divider-separator:before{content:none}.elementor-widget-divider&#8211;element-align-start .elementor-divider__element{margin-inline-start:0}.elementor-widget-divider&#8211;element-align-end .elementor-divider .elementor-divider-separator&gt;.elementor-divider__svg:last-of-type{flex-grow:0;flex-shrink:100}.elementor-widget-divider&#8211;element-align-end .elementor-divider-separator:after{content:none}.elementor-widget-divider&#8211;element-align-end .elementor-divider__element{margin-inline-end:0}.elementor-widget-divider:not(.elementor-widget-divider&#8211;view-line_text):not(.elementor-widget-divider&#8211;view-line_icon) .elementor-divider-separator{border-block-start:var(&#8211;divider-border-width) var(&#8211;divider-border-style) var(&#8211;divider-color)}.elementor-widget-divider&#8211;separator-type-pattern{&#8211;divider-border-style:none}.elementor-widget-divider&#8211;separator-type-pattern.elementor-widget-divider&#8211;view-line .elementor-divider-separator,.elementor-widget-divider&#8211;separator-type-pattern:not(.elementor-widget-divider&#8211;view-line) .elementor-divider-separator:after,.elementor-widget-divider&#8211;separator-type-pattern:not(.elementor-widget-divider&#8211;view-line) .elementor-divider-separator:before,.elementor-widget-divider&#8211;separator-type-pattern:not([class*=elementor-widget-divider&#8211;view]) .elementor-divider-separator{width:100%;min-height:var(&#8211;divider-pattern-height);-webkit-mask-size:var(&#8211;divider-pattern-size) 100%;mask-size:var(&#8211;divider-pattern-size) 100%;-webkit-mask-repeat:var(&#8211;divider-pattern-repeat);mask-repeat:var(&#8211;divider-pattern-repeat);background-color:var(&#8211;divider-color);-webkit-mask-image:var(&#8211;divider-pattern-url);mask-image:var(&#8211;divider-pattern-url)}.elementor-widget-divider&#8211;no-spacing{&#8211;divider-pattern-size:auto}.elementor-widget-divider&#8211;bg-round{&#8211;divider-pattern-repeat:round}.rtl .elementor-widget-divider .elementor-divider__text{direction:rtl}.e-con-inner&gt;.elementor-widget-divider,.e-con&gt;.elementor-widget-divider{width:var(&#8211;container-widget-width,100%);&#8211;flex-grow:var(&#8211;container-widget-flex-grow)} \/*! elementor &#8211; v3.21.0 &#8211; 26-05-2024 [&hellip;]<\/p>\n","protected":false},"author":2,"featured_media":0,"parent":0,"menu_order":0,"comment_status":"closed","ping_status":"closed","template":"","meta":{"inline_featured_image":false,"footnotes":""},"class_list":["post-3249","page","type-page","status-publish","hentry"],"_links":{"self":[{"href":"https:\/\/kasparzehnder.com\/de\/wp-json\/wp\/v2\/pages\/3249","targetHints":{"allow":["GET"]}}],"collection":[{"href":"https:\/\/kasparzehnder.com\/de\/wp-json\/wp\/v2\/pages"}],"about":[{"href":"https:\/\/kasparzehnder.com\/de\/wp-json\/wp\/v2\/types\/page"}],"author":[{"embeddable":true,"href":"https:\/\/kasparzehnder.com\/de\/wp-json\/wp\/v2\/users\/2"}],"replies":[{"embeddable":true,"href":"https:\/\/kasparzehnder.com\/de\/wp-json\/wp\/v2\/comments?post=3249"}],"version-history":[{"count":102,"href":"https:\/\/kasparzehnder.com\/de\/wp-json\/wp\/v2\/pages\/3249\/revisions"}],"predecessor-version":[{"id":4223,"href":"https:\/\/kasparzehnder.com\/de\/wp-json\/wp\/v2\/pages\/3249\/revisions\/4223"}],"wp:attachment":[{"href":"https:\/\/kasparzehnder.com\/de\/wp-json\/wp\/v2\/media?parent=3249"}],"curies":[{"name":"wp","href":"https:\/\/api.w.org\/{rel}","templated":true}]}}