{"id":3261,"date":"2024-02-05T16:26:08","date_gmt":"2024-02-05T15:26:08","guid":{"rendered":"https:\/\/kasparzehnder.com\/de\/?page_id=3261"},"modified":"2024-03-10T12:50:07","modified_gmt":"2024-03-10T11:50:07","slug":"ueber-arthur-furer","status":"publish","type":"page","link":"https:\/\/kasparzehnder.com\/de\/ueber-arthur-furer\/","title":{"rendered":"\u00dcber Arthur Furer"},"content":{"rendered":"\t\t<div data-elementor-type=\"wp-page\" data-elementor-id=\"3261\" class=\"elementor elementor-3261\">\n\t\t\t\t\t\t<section data-particle_enable=\"false\" data-particle-mobile-disabled=\"false\" class=\"elementor-section elementor-top-section elementor-element elementor-element-b143212 elementor-section-boxed elementor-section-height-default elementor-section-height-default\" data-id=\"b143212\" data-element_type=\"section\" data-e-type=\"section\">\n\t\t\t\t\t\t<div class=\"elementor-container elementor-column-gap-default\">\n\t\t\t\t\t<div class=\"elementor-column elementor-col-100 elementor-top-column elementor-element elementor-element-cf12f2a\" data-id=\"cf12f2a\" data-element_type=\"column\" data-e-type=\"column\">\n\t\t\t<div class=\"elementor-widget-wrap elementor-element-populated\">\n\t\t\t\t\t\t<section data-particle_enable=\"false\" data-particle-mobile-disabled=\"false\" class=\"elementor-section elementor-inner-section elementor-element elementor-element-04a8d2e elementor-section-content-middle elementor-section-boxed elementor-section-height-default elementor-section-height-default\" data-id=\"04a8d2e\" data-element_type=\"section\" data-e-type=\"section\">\n\t\t\t\t\t\t<div class=\"elementor-container elementor-column-gap-default\">\n\t\t\t\t\t<div class=\"elementor-column elementor-col-100 elementor-inner-column elementor-element elementor-element-d059f1a\" data-id=\"d059f1a\" data-element_type=\"column\" data-e-type=\"column\">\n\t\t\t<div class=\"elementor-widget-wrap elementor-element-populated\">\n\t\t\t\t\t\t<div class=\"elementor-element elementor-element-52c786a elementor-widget__width-initial elementor-hidden-mobile elementor-widget-divider--view-line elementor-invisible elementor-widget elementor-widget-divider\" data-id=\"52c786a\" data-element_type=\"widget\" data-e-type=\"widget\" data-settings=\"{&quot;_animation&quot;:&quot;slideInLeft&quot;}\" data-widget_type=\"divider.default\">\n\t\t\t\t<div class=\"elementor-widget-container\">\n\t\t\t\t\t\t\t<div class=\"elementor-divider\">\n\t\t\t<span class=\"elementor-divider-separator\">\n\t\t\t\t\t\t<\/span>\n\t\t<\/div>\n\t\t\t\t\t\t<\/div>\n\t\t\t\t<\/div>\n\t\t\t\t<div class=\"elementor-element elementor-element-530e607 elementor-widget__width-initial animated-fast elementor-invisible elementor-widget elementor-widget-heading\" data-id=\"530e607\" data-element_type=\"widget\" data-e-type=\"widget\" data-settings=\"{&quot;_animation&quot;:&quot;fadeIn&quot;}\" data-widget_type=\"heading.default\">\n\t\t\t\t<div class=\"elementor-widget-container\">\n\t\t\t\t\t<h2 class=\"elementor-heading-title elementor-size-default\">Arthur Furer<\/h2>\t\t\t\t<\/div>\n\t\t\t\t<\/div>\n\t\t\t\t<div class=\"elementor-element elementor-element-52b2902 elementor-widget__width-initial elementor-widget-divider--view-line elementor-invisible elementor-widget elementor-widget-divider\" data-id=\"52b2902\" data-element_type=\"widget\" data-e-type=\"widget\" data-settings=\"{&quot;_animation&quot;:&quot;slideInRight&quot;}\" data-widget_type=\"divider.default\">\n\t\t\t\t<div class=\"elementor-widget-container\">\n\t\t\t\t\t\t\t<div class=\"elementor-divider\">\n\t\t\t<span class=\"elementor-divider-separator\">\n\t\t\t\t\t\t<\/span>\n\t\t<\/div>\n\t\t\t\t\t\t<\/div>\n\t\t\t\t<\/div>\n\t\t\t\t\t<\/div>\n\t\t<\/div>\n\t\t\t\t\t<\/div>\n\t\t<\/section>\n\t\t\t\t<div class=\"elementor-element elementor-element-4d1ef3f animated-fast elementor-invisible elementor-widget elementor-widget-heading\" data-id=\"4d1ef3f\" data-element_type=\"widget\" data-e-type=\"widget\" data-settings=\"{&quot;_animation&quot;:&quot;fadeIn&quot;,&quot;_animation_delay&quot;:&quot;200&quot;}\" data-widget_type=\"heading.default\">\n\t\t\t\t<div class=\"elementor-widget-container\">\n\t\t\t\t\t<h3 class=\"elementor-heading-title elementor-size-default\">Berner Komponist, Musiker und Musikp\u00e4dagoge (1924 - 2013)<\/h3>\t\t\t\t<\/div>\n\t\t\t\t<\/div>\n\t\t\t\t<div class=\"elementor-element elementor-element-eaf4d06 elementor-widget__width-initial animated-fast elementor-invisible elementor-widget elementor-widget-text-editor\" data-id=\"eaf4d06\" data-element_type=\"widget\" data-e-type=\"widget\" data-settings=\"{&quot;_animation&quot;:&quot;fadeIn&quot;}\" data-widget_type=\"text-editor.default\">\n\t\t\t\t<div class=\"elementor-widget-container\">\n\t\t\t\t\t\t\t\t\t<p><strong><em>Kaspar Zehnder<\/em><\/strong><\/p><p>Als Neffe von Arthur Furer durfte ich bereits als Jugendlicher vom grossen musiktheoretischen Wissen des Komponisten profitieren. Bis heute zehre ich von der Grundlage in Harmonielehre und Analyse, welche mir mein Onkel vermittelt hat.<\/p><p>Noch zu seinen Lebzeiten konnte ich mich revanchieren und mich in zahlreichen Konzerten und Aufnahmen mit Arthur Furers Schaffen auseinandersetzen. Dabei war es mir stets ein Anliegen, daf\u00fcr auch Interpretinnen und Interpreten der j\u00fcngeren Generationen zu gewinnen. Da Arthur Furer wegen eines Geh\u00f6rleidens ab den 1990er Jahren nur noch vereinzelt komponierte, war ihm die Wiederauff\u00fchrung seiner fr\u00fcheren Werke die eigentlich gr\u00f6sste Freude. Er sass dann mit ausgeschalteten H\u00f6rger\u00e4ten im Konzert und beobachtete aufmerksam B\u00fchne und Publikum. Mit unvermindert charmantem L\u00e4cheln pflegte er sich bei den Musikerinnen und Musikern zu bedanken.<\/p>\t\t\t\t\t\t\t\t<\/div>\n\t\t\t\t<\/div>\n\t\t\t\t<div class=\"elementor-element elementor-element-a008b46 elementor-widget elementor-widget-image\" data-id=\"a008b46\" data-element_type=\"widget\" data-e-type=\"widget\" data-widget_type=\"image.default\">\n\t\t\t\t<div class=\"elementor-widget-container\">\n\t\t\t\t\t\t\t\t\t\t\t\t\t\t\t<img fetchpriority=\"high\" decoding=\"async\" width=\"291\" height=\"300\" src=\"https:\/\/kasparzehnder.com\/de\/wp-content\/uploads\/sites\/3\/2024\/01\/Portrait-Arthur-Furer_Foto-Robert-Lenz-2-291x300.jpg\" class=\"attachment-medium size-medium wp-image-3156\" alt=\"\" srcset=\"https:\/\/kasparzehnder.com\/de\/wp-content\/uploads\/sites\/3\/2024\/01\/Portrait-Arthur-Furer_Foto-Robert-Lenz-2-291x300.jpg 291w, https:\/\/kasparzehnder.com\/de\/wp-content\/uploads\/sites\/3\/2024\/01\/Portrait-Arthur-Furer_Foto-Robert-Lenz-2-992x1024.jpg 992w, https:\/\/kasparzehnder.com\/de\/wp-content\/uploads\/sites\/3\/2024\/01\/Portrait-Arthur-Furer_Foto-Robert-Lenz-2-768x793.jpg 768w, https:\/\/kasparzehnder.com\/de\/wp-content\/uploads\/sites\/3\/2024\/01\/Portrait-Arthur-Furer_Foto-Robert-Lenz-2.jpg 1305w\" sizes=\"(max-width: 291px) 100vw, 291px\" \/>\t\t\t\t\t\t\t\t\t\t\t\t\t\t\t<\/div>\n\t\t\t\t<\/div>\n\t\t\t\t<div class=\"elementor-element elementor-element-52edd63 elementor-widget__width-initial animated-fast elementor-invisible elementor-widget elementor-widget-text-editor\" data-id=\"52edd63\" data-element_type=\"widget\" data-e-type=\"widget\" data-settings=\"{&quot;_animation&quot;:&quot;fadeIn&quot;}\" data-widget_type=\"text-editor.default\">\n\t\t\t\t<div class=\"elementor-widget-container\">\n\t\t\t\t\t\t\t\t\t<p><strong>Die Ausf\u00fchrenden waren sehr oft seine Freunde<\/strong><\/p>\n<p>Arthur Furers Werk fand in den Musikerkreisen grosses Interesse. Die Ausf\u00fchrenden waren sehr oft seine Freunde Allen voran die Geiger Rudolf Brenner und Ulrich Lehmann, aber auch das Berner Symphonieorchester (in dem sowohl Brenner als auch Lehmann als Konzertmeister und Furer selbst als Geiger wirkten). Dann auch&nbsp; das Berner Kammerorchester (wo Furer Solobratschist war), das Kammerensemble Radio Bern, von dem einige Aufnahmen f\u00fcr Soloinstrumente und Kammerorchester existieren, und die Camerata Bern, f\u00fcr die er in den 1980er Jahren eine virtuose \u00abMusik f\u00fcr Streicher\u00bb schrieb.<\/p>\n<p>Anl\u00e4sslich der Einweihung des neuen Inselspitals (1. Dezember 1970) wurde sein Werk &#8222;Tedeum&#8220; nach Gertrud von le Fort f\u00fcr Chor, Blasinstrumente, Klavier und Pauken uraufgef\u00fchrt. F\u00fcr das Jubil\u00e4um 800 Jahre Bern schrieb er die Kantate \u00abAus Zeit und Leid\u00bb, deren Urauff\u00fchrung durch die Ch\u00f6re des Gymnasiums Neufeld (Leitung: D\u00f6fe Burkhardt) und das BSO ein Ereignis war. Furers Solosonate und die Musica per Viola sola waren beim ersten Max Rostal-Wettbewerb f\u00fcr Violine und Viola die Pflichtst\u00fccke.<\/p>\t\t\t\t\t\t\t\t<\/div>\n\t\t\t\t<\/div>\n\t\t\t\t<div class=\"elementor-element elementor-element-1bbfbee elementor-widget elementor-widget-image\" data-id=\"1bbfbee\" data-element_type=\"widget\" data-e-type=\"widget\" data-widget_type=\"image.default\">\n\t\t\t\t<div class=\"elementor-widget-container\">\n\t\t\t\t\t\t\t\t\t\t\t\t\t\t\t<img decoding=\"async\" width=\"181\" height=\"300\" src=\"https:\/\/kasparzehnder.com\/de\/wp-content\/uploads\/sites\/3\/2024\/01\/IMG_2038-181x300.jpg\" class=\"attachment-medium size-medium wp-image-3154\" alt=\"\" srcset=\"https:\/\/kasparzehnder.com\/de\/wp-content\/uploads\/sites\/3\/2024\/01\/IMG_2038-181x300.jpg 181w, https:\/\/kasparzehnder.com\/de\/wp-content\/uploads\/sites\/3\/2024\/01\/IMG_2038-619x1024.jpg 619w, https:\/\/kasparzehnder.com\/de\/wp-content\/uploads\/sites\/3\/2024\/01\/IMG_2038-768x1271.jpg 768w, https:\/\/kasparzehnder.com\/de\/wp-content\/uploads\/sites\/3\/2024\/01\/IMG_2038-928x1536.jpg 928w, https:\/\/kasparzehnder.com\/de\/wp-content\/uploads\/sites\/3\/2024\/01\/IMG_2038-1238x2048.jpg 1238w, https:\/\/kasparzehnder.com\/de\/wp-content\/uploads\/sites\/3\/2024\/01\/IMG_2038-scaled.jpg 1547w\" sizes=\"(max-width: 181px) 100vw, 181px\" \/>\t\t\t\t\t\t\t\t\t\t\t\t\t\t\t<\/div>\n\t\t\t\t<\/div>\n\t\t\t\t<div class=\"elementor-element elementor-element-35bef0d elementor-widget__width-initial animated-fast elementor-invisible elementor-widget elementor-widget-text-editor\" data-id=\"35bef0d\" data-element_type=\"widget\" data-e-type=\"widget\" data-settings=\"{&quot;_animation&quot;:&quot;fadeIn&quot;}\" data-widget_type=\"text-editor.default\">\n\t\t\t\t<div class=\"elementor-widget-container\">\n\t\t\t\t\t\t\t\t\t<p>A<b>rthur Furer war ein Berner in Bern und f\u00fcr Bern<\/b>.<\/p><p>Daf\u00fcr wurde ihm 1984 der Grosse Musikpreis des Kantons Bern verliehen.<\/p><p>Von seiner Heirat 1951 bis zu seinem Tod 2013 hat er in der Petrus-Kirchgemeinde gelebt und dort auch lange den Kirchenchor geleitet.<\/p><p>W\u00e4hrend Jahrzehnten wirkte er als Musiklehrer am St\u00e4dtischen Lehrerinnenseminar Marzili. Aus dieser Zeit stammen die exemplarischen Aufnahmen der Zyklen \u00abJahreszeitenlieder\u00bb, \u00abBlumenlieder\u00bb und \u00abKathedrale\u00bb f\u00fcr Elite-Frauenchor. Furer war ein extrem strenger, gef\u00fcrchteter und bisweilen auch gehasster Lehrer, wie einige der uns zugestellten Erinnerungen von ehemaligen Sch\u00fclerinnen und Sch\u00fclern zum Ausdruck bringen. Aber er war auch ein charismatischer Musiker und Dirigent.<\/p><p>Seine grossartigen Auff\u00fchrungen von Bachs h-Moll-Messe und von Schuberts As-Dur-Messe liegen \u00fcber 40 Jahre zur\u00fcck, bleiben mir aber unvergesslich. In seinen sp\u00e4ten Werken, namentlich in \u00abLob der Gottheit\u00bb bringt Furer eine pazifistische und pantheistische Weltanschauung zum Ausdruck.<\/p><p>Die Musik von Arthur Furer war nie avantgardistisch, aber stets akribisch durchdacht, anspruchsvoll in jeder Hinsicht und klanglich meisterhaft. Er selbst \u00e4usserte sich dazu:<\/p><p><em>\u00abKeiner zeitgen\u00f6ssischen Schule verbunden, suche ich f\u00fcr jede neue Komposition den dem Gehalt des Werkes dienenden und mir momentan entsprechenden pers\u00f6nlichen Stil.\u00bb<\/em><\/p>\t\t\t\t\t\t\t\t<\/div>\n\t\t\t\t<\/div>\n\t\t\t\t\t<\/div>\n\t\t<\/div>\n\t\t\t\t\t<\/div>\n\t\t<\/section>\n\t\t\t\t<\/div>\n\t\t","protected":false},"excerpt":{"rendered":"<p>\/*! elementor &#8211; v3.19.0 &#8211; 28-02-2024 *\/ .elementor-widget-divider{&#8211;divider-border-style:none;&#8211;divider-border-width:1px;&#8211;divider-color:#0c0d0e;&#8211;divider-icon-size:20px;&#8211;divider-element-spacing:10px;&#8211;divider-pattern-height:24px;&#8211;divider-pattern-size:20px;&#8211;divider-pattern-url:none;&#8211;divider-pattern-repeat:repeat-x}.elementor-widget-divider .elementor-divider{display:flex}.elementor-widget-divider .elementor-divider__text{font-size:15px;line-height:1;max-width:95%}.elementor-widget-divider .elementor-divider__element{margin:0 var(&#8211;divider-element-spacing);flex-shrink:0}.elementor-widget-divider .elementor-icon{font-size:var(&#8211;divider-icon-size)}.elementor-widget-divider .elementor-divider-separator{display:flex;margin:0;direction:ltr}.elementor-widget-divider&#8211;view-line_icon .elementor-divider-separator,.elementor-widget-divider&#8211;view-line_text .elementor-divider-separator{align-items:center}.elementor-widget-divider&#8211;view-line_icon .elementor-divider-separator:after,.elementor-widget-divider&#8211;view-line_icon .elementor-divider-separator:before,.elementor-widget-divider&#8211;view-line_text .elementor-divider-separator:after,.elementor-widget-divider&#8211;view-line_text .elementor-divider-separator:before{display:block;content:&#8220;&#8220;;border-block-end:0;flex-grow:1;border-block-start:var(&#8211;divider-border-width) var(&#8211;divider-border-style) var(&#8211;divider-color)}.elementor-widget-divider&#8211;element-align-left .elementor-divider .elementor-divider-separator&gt;.elementor-divider__svg:first-of-type{flex-grow:0;flex-shrink:100}.elementor-widget-divider&#8211;element-align-left .elementor-divider-separator:before{content:none}.elementor-widget-divider&#8211;element-align-left .elementor-divider__element{margin-left:0}.elementor-widget-divider&#8211;element-align-right .elementor-divider .elementor-divider-separator&gt;.elementor-divider__svg:last-of-type{flex-grow:0;flex-shrink:100}.elementor-widget-divider&#8211;element-align-right .elementor-divider-separator:after{content:none}.elementor-widget-divider&#8211;element-align-right .elementor-divider__element{margin-right:0}.elementor-widget-divider&#8211;element-align-start .elementor-divider .elementor-divider-separator&gt;.elementor-divider__svg:first-of-type{flex-grow:0;flex-shrink:100}.elementor-widget-divider&#8211;element-align-start .elementor-divider-separator:before{content:none}.elementor-widget-divider&#8211;element-align-start .elementor-divider__element{margin-inline-start:0}.elementor-widget-divider&#8211;element-align-end .elementor-divider .elementor-divider-separator&gt;.elementor-divider__svg:last-of-type{flex-grow:0;flex-shrink:100}.elementor-widget-divider&#8211;element-align-end .elementor-divider-separator:after{content:none}.elementor-widget-divider&#8211;element-align-end .elementor-divider__element{margin-inline-end:0}.elementor-widget-divider:not(.elementor-widget-divider&#8211;view-line_text):not(.elementor-widget-divider&#8211;view-line_icon) .elementor-divider-separator{border-block-start:var(&#8211;divider-border-width) var(&#8211;divider-border-style) var(&#8211;divider-color)}.elementor-widget-divider&#8211;separator-type-pattern{&#8211;divider-border-style:none}.elementor-widget-divider&#8211;separator-type-pattern.elementor-widget-divider&#8211;view-line .elementor-divider-separator,.elementor-widget-divider&#8211;separator-type-pattern:not(.elementor-widget-divider&#8211;view-line) .elementor-divider-separator:after,.elementor-widget-divider&#8211;separator-type-pattern:not(.elementor-widget-divider&#8211;view-line) .elementor-divider-separator:before,.elementor-widget-divider&#8211;separator-type-pattern:not([class*=elementor-widget-divider&#8211;view]) .elementor-divider-separator{width:100%;min-height:var(&#8211;divider-pattern-height);-webkit-mask-size:var(&#8211;divider-pattern-size) 100%;mask-size:var(&#8211;divider-pattern-size) 100%;-webkit-mask-repeat:var(&#8211;divider-pattern-repeat);mask-repeat:var(&#8211;divider-pattern-repeat);background-color:var(&#8211;divider-color);-webkit-mask-image:var(&#8211;divider-pattern-url);mask-image:var(&#8211;divider-pattern-url)}.elementor-widget-divider&#8211;no-spacing{&#8211;divider-pattern-size:auto}.elementor-widget-divider&#8211;bg-round{&#8211;divider-pattern-repeat:round}.rtl .elementor-widget-divider .elementor-divider__text{direction:rtl}.e-con-inner&gt;.elementor-widget-divider,.e-con&gt;.elementor-widget-divider{width:var(&#8211;container-widget-width,100%);&#8211;flex-grow:var(&#8211;container-widget-flex-grow)} \/*! elementor &#8211; v3.19.0 &#8211; 28-02-2024 [&hellip;]<\/p>\n","protected":false},"author":2,"featured_media":0,"parent":0,"menu_order":0,"comment_status":"closed","ping_status":"closed","template":"","meta":{"inline_featured_image":false,"footnotes":""},"class_list":["post-3261","page","type-page","status-publish","hentry"],"_links":{"self":[{"href":"https:\/\/kasparzehnder.com\/de\/wp-json\/wp\/v2\/pages\/3261","targetHints":{"allow":["GET"]}}],"collection":[{"href":"https:\/\/kasparzehnder.com\/de\/wp-json\/wp\/v2\/pages"}],"about":[{"href":"https:\/\/kasparzehnder.com\/de\/wp-json\/wp\/v2\/types\/page"}],"author":[{"embeddable":true,"href":"https:\/\/kasparzehnder.com\/de\/wp-json\/wp\/v2\/users\/2"}],"replies":[{"embeddable":true,"href":"https:\/\/kasparzehnder.com\/de\/wp-json\/wp\/v2\/comments?post=3261"}],"version-history":[{"count":30,"href":"https:\/\/kasparzehnder.com\/de\/wp-json\/wp\/v2\/pages\/3261\/revisions"}],"predecessor-version":[{"id":3928,"href":"https:\/\/kasparzehnder.com\/de\/wp-json\/wp\/v2\/pages\/3261\/revisions\/3928"}],"wp:attachment":[{"href":"https:\/\/kasparzehnder.com\/de\/wp-json\/wp\/v2\/media?parent=3261"}],"curies":[{"name":"wp","href":"https:\/\/api.w.org\/{rel}","templated":true}]}}