{"id":3921,"date":"2024-03-19T11:40:05","date_gmt":"2024-03-19T10:40:05","guid":{"rendered":"https:\/\/kasparzehnder.com\/de\/?page_id=3921"},"modified":"2024-03-20T23:35:44","modified_gmt":"2024-03-20T22:35:44","slug":"anekdoten-ueber-arthur-furer","status":"publish","type":"page","link":"https:\/\/kasparzehnder.com\/de\/anekdoten-ueber-arthur-furer\/","title":{"rendered":"Anekdoten \u00fcber Arthur Furer"},"content":{"rendered":"\t\t<div data-elementor-type=\"wp-page\" data-elementor-id=\"3921\" class=\"elementor elementor-3921\">\n\t\t\t\t\t\t<section data-particle_enable=\"false\" data-particle-mobile-disabled=\"false\" class=\"elementor-section elementor-top-section elementor-element elementor-element-e004f4b elementor-section-boxed elementor-section-height-default elementor-section-height-default\" data-id=\"e004f4b\" data-element_type=\"section\" data-e-type=\"section\">\n\t\t\t\t\t\t<div class=\"elementor-container elementor-column-gap-default\">\n\t\t\t\t\t<div class=\"elementor-column elementor-col-100 elementor-top-column elementor-element elementor-element-ff332de\" data-id=\"ff332de\" data-element_type=\"column\" data-e-type=\"column\">\n\t\t\t<div class=\"elementor-widget-wrap elementor-element-populated\">\n\t\t\t\t\t\t<section data-particle_enable=\"false\" data-particle-mobile-disabled=\"false\" class=\"elementor-section elementor-inner-section elementor-element elementor-element-f735e8f elementor-section-content-middle elementor-section-boxed elementor-section-height-default elementor-section-height-default\" data-id=\"f735e8f\" data-element_type=\"section\" data-e-type=\"section\">\n\t\t\t\t\t\t<div class=\"elementor-container elementor-column-gap-default\">\n\t\t\t\t\t<div class=\"elementor-column elementor-col-100 elementor-inner-column elementor-element elementor-element-40ee7d0\" data-id=\"40ee7d0\" data-element_type=\"column\" data-e-type=\"column\">\n\t\t\t<div class=\"elementor-widget-wrap elementor-element-populated\">\n\t\t\t\t\t\t<div class=\"elementor-element elementor-element-28b00ac elementor-widget__width-auto elementor-hidden-mobile elementor-widget-divider--view-line elementor-invisible elementor-widget elementor-widget-divider\" data-id=\"28b00ac\" data-element_type=\"widget\" data-e-type=\"widget\" data-settings=\"{&quot;_animation&quot;:&quot;slideInLeft&quot;}\" data-widget_type=\"divider.default\">\n\t\t\t\t<div class=\"elementor-widget-container\">\n\t\t\t\t\t\t\t<div class=\"elementor-divider\">\n\t\t\t<span class=\"elementor-divider-separator\">\n\t\t\t\t\t\t<\/span>\n\t\t<\/div>\n\t\t\t\t\t\t<\/div>\n\t\t\t\t<\/div>\n\t\t\t\t<div class=\"elementor-element elementor-element-ffe62a9 elementor-widget__width-auto animated-fast elementor-invisible elementor-widget elementor-widget-heading\" data-id=\"ffe62a9\" data-element_type=\"widget\" data-e-type=\"widget\" data-settings=\"{&quot;_animation&quot;:&quot;fadeIn&quot;}\" data-widget_type=\"heading.default\">\n\t\t\t\t<div class=\"elementor-widget-container\">\n\t\t\t\t\t<h2 class=\"elementor-heading-title elementor-size-default\">Anekdoten<\/h2>\t\t\t\t<\/div>\n\t\t\t\t<\/div>\n\t\t\t\t<div class=\"elementor-element elementor-element-eb2ce45 elementor-widget__width-auto elementor-widget-divider--view-line elementor-invisible elementor-widget elementor-widget-divider\" data-id=\"eb2ce45\" data-element_type=\"widget\" data-e-type=\"widget\" data-settings=\"{&quot;_animation&quot;:&quot;slideInRight&quot;}\" data-widget_type=\"divider.default\">\n\t\t\t\t<div class=\"elementor-widget-container\">\n\t\t\t\t\t\t\t<div class=\"elementor-divider\">\n\t\t\t<span class=\"elementor-divider-separator\">\n\t\t\t\t\t\t<\/span>\n\t\t<\/div>\n\t\t\t\t\t\t<\/div>\n\t\t\t\t<\/div>\n\t\t\t\t\t<\/div>\n\t\t<\/div>\n\t\t\t\t\t<\/div>\n\t\t<\/section>\n\t\t\t\t\t<\/div>\n\t\t<\/div>\n\t\t\t\t\t<\/div>\n\t\t<\/section>\n\t\t\t\t<section data-particle_enable=\"false\" data-particle-mobile-disabled=\"false\" class=\"elementor-section elementor-top-section elementor-element elementor-element-07b76f2 elementor-section-boxed elementor-section-height-default elementor-section-height-default\" data-id=\"07b76f2\" data-element_type=\"section\" data-e-type=\"section\">\n\t\t\t\t\t\t<div class=\"elementor-container elementor-column-gap-default\">\n\t\t\t\t\t<div class=\"elementor-column elementor-col-100 elementor-top-column elementor-element elementor-element-ee06eed\" data-id=\"ee06eed\" data-element_type=\"column\" data-e-type=\"column\">\n\t\t\t<div class=\"elementor-widget-wrap elementor-element-populated\">\n\t\t\t\t\t\t<div class=\"elementor-element elementor-element-c2363f1 elementor-widget__width-auto elementor-widget elementor-widget-text-editor\" data-id=\"c2363f1\" data-element_type=\"widget\" data-e-type=\"widget\" data-widget_type=\"text-editor.default\">\n\t\t\t\t<div class=\"elementor-widget-container\">\n\t\t\t\t\t\t\t\t\t<p>&#8222;A<b>rthur Furer wurde zu Lebzeiten verehrt, gef\u00fcrchtet, bisweilen auch gehasst. <br \/><\/b><b>Von seiner Heirat 1951 bis zu seinem Tod 2013 hat er in der Petrus-Kirchgemeinde gelebt und dort auch lange den Kirchenchor geleitet. W\u00e4hrend Jahrzehnten wirkte er als Musiklehrer am St\u00e4dtischen Lehrerinnenseminar Marzili. Aus dieser Zeit stammen die exemplarischen Aufnahmen der Zyklen \u00abJahreszeitenlieder\u00bb, \u00abBlumenlieder\u00bb und \u00abKathedrale\u00bb f\u00fcr Elite-Frauenchor. Furer war ein extrem strenger, aber auch charismatischer Lehrer, Musiker und Dirigent. Seine grossartigen Auff\u00fchrungen von Bachs h-Moll-Messe und von Schuberts As-Dur-Messe liegen \u00fcber 40 Jahre zur\u00fcck, bleiben aber unvergesslich&#8220;, sagt Kaspar Zehnder \u00fcber seinen Onkel. <\/b><\/p><p><b>Zahlreiche ehemalige Sch\u00fclerinnen, Freunde und Bekannte erinnern sich an ihn. Vielen Dank f\u00fcr alle Beitr\u00e4ge! Wir freuen uns auf weitere Geschichten und Erlebnisse \u00fcber und mit Arthur Furer!<\/b><\/p>\t\t\t\t\t\t\t\t<\/div>\n\t\t\t\t<\/div>\n\t\t\t\t<div class=\"elementor-element elementor-element-8ffc64c elementor-widget-divider--view-line elementor-widget elementor-widget-divider\" data-id=\"8ffc64c\" data-element_type=\"widget\" data-e-type=\"widget\" data-widget_type=\"divider.default\">\n\t\t\t\t<div class=\"elementor-widget-container\">\n\t\t\t\t\t\t\t<div class=\"elementor-divider\">\n\t\t\t<span class=\"elementor-divider-separator\">\n\t\t\t\t\t\t<\/span>\n\t\t<\/div>\n\t\t\t\t\t\t<\/div>\n\t\t\t\t<\/div>\n\t\t\t\t<div class=\"elementor-element elementor-element-0049b4f elementor-widget elementor-widget-text-editor\" data-id=\"0049b4f\" data-element_type=\"widget\" data-e-type=\"widget\" data-widget_type=\"text-editor.default\">\n\t\t\t\t<div class=\"elementor-widget-container\">\n\t\t\t\t\t\t\t\t\t<h6><em>Zum 100.Geburtstag von Arthur Furer am 28.M\u00e4rz 2024<\/em><\/h6><h6><em><strong>Sein Trio \u201eReminiszenzen&#8220;<\/strong> f\u00fcr Fl\u00f6te, Cello und Klavier mit den S\u00e4tzen Chinoiserie, Nostalgie, Plaisanterie, humorvolle Episoden bei den Auff\u00fchrungen in China durch das TRIO ELVETICO, Urauff\u00fchrung in Canton<\/em><\/h6><h6><em>Nach drei erfolgreichen USA &#8211; Konzertreisen wurde das TRIO ELVETICO vom chinesischen Kulturministerium zu einer Tournee nach China eingeladen. Durch die Stiftung Pro Helvetia unterst\u00fctzt waren wir verpflichtet, bei jedem Konzert ein Werk eines Schweizer-Komponisten auf zuf\u00fchren, was Arthur Furer anregte, f\u00fcr uns ein Trio zu schreiben. Er befasste sich im Vorfeld sehr intensiv mit chinesischer Kunst- und Volksmusik, die er besonders in der \u201eChinoiserie&#8220; gekonnt verarbeitete.<\/em><\/h6><h6><em>Auf der ganzen Reise waren wir st\u00e4ndig von einer chinesischen Delegation mit Kleinbus begleitet und erlebten eine grossartige Gastfreundschaft, aber durften uns nicht frei bewegen. Die Konzerte fanden in grossen S\u00e4len und Opernh\u00e4usern statt, sie waren immer gut besucht. Kaum dort angekommen sass da schon eine h\u00fcbsche junge Chinesin am Schminktisch. Vor dem Konzert trat sie dann hochgestylt als Ansagerin auf die B\u00fchne und verk\u00fcndete den Ablauf. Wir verstanden nichts, aber warteten immer nur auf zwei Worte: Da in der chinesischen Sprache der Buchstabe R nicht ausgesprochen wird, hiess unser Komponist Arthur Furer pl\u00f6tzlich \u201eALTUL FULEL&#8220;, was bei uns gr\u00f6sste Heiterkeit ausl\u00f6ste! Die Ansagerin kam dann strahlend hinter die B\u00fchne zur\u00fcck und wupp, landete eine w\u00fcste Spucke im bereitgestellten Spucknapf, damals noch \u00fcblich in China&#8230;.<\/em><\/h6><h6><em>Der Pianist hatte es punkto Instrument nicht leicht, er musste mit dem Vorlieb nehmen, was dastand. Die chinesischen Fl\u00fcgel waren oft mit ihrer harten Mechanik schwer zu spielen. Im Furer- Trio gab es Glissandi, die normalerweise mit der Hand oder den Fingern zu spielen sind. Was aber, wenn die Tastatur keinen Wank macht?? Unser Pianist entwickelte eine Taktik, sich vor der Glissando- Stelle in gehobene Position zu begeben, um dann mit dem Ellbogen und voller Wucht die Tastatur auf und ab zu bewegen. Das l\u00f6ste bei uns Mitspielern immer einen Lachanfall aus, der nicht f\u00f6rderlich war f\u00fcr folgende pr\u00e4zise Eins\u00e4tze, besonders bei der Fl\u00f6te!<\/em><\/h6><h6><em>Ein anderes Mal war die Klavierbank viel zu hoch und liess sich nicht einrichten, alle anderen St\u00fchle passten auch nicht. Grosses Palaver unserer Crew im Raum, abmessen, abw\u00e4gen! Schliesslich lautes S\u00e4geger\u00e4usch hinter der B\u00fchne, was war denn jetzt los? Kurz darauf stand die Klavierbank wieder an ihrem Platz, notabene mit abges\u00e4gten Beinen, aber perfekt in der H\u00f6he&#8230;<\/em><\/h6><h6><em>Das Publikum in Peking war sehr diszipliniert, weniger dann in den s\u00fcdlichen St\u00e4dten Nanning und Guilin. Oft r\u00fcckten die Chinesen mit dem ganzen Familientross an und verzehrten zum Musikh\u00f6ren gen\u00fcsslich ihr Abendbrot. <\/em><\/h6><h6><em>Ein besonders sch\u00f6nes Erlebnis war es dann, wenn bei der \u201eChinoiserie&#8220; der ganze Saal pl\u00f6tzlich zu summen begann: Die Zuh\u00f6rer erkannten die von \u201eAltul Fulel&#8220; verarbeiteten Volkslieder und summten einfach mit. Eine sch\u00f6nere Verbindung mit dem chinesischen Publikum durch Furers Musik h\u00e4tte es nicht geben k\u00f6nnen!<\/em><\/h6><h6><em>Die Tournee war ein grosser Erfolg, das doch anspruchsvolle Programm kam gut an, das Publikum zeigte sich sehr interessiert an unserer Musik, was sich auch in den Konservatorien bei den Studenten zeigte, die wir besuchen durften.<\/em><\/h6><h6><em>Vom Trio \u201eReminiszenzen&#8220; wurde eine Kopie verlangt und es wird in der Nationalbibliothek von Peking aufbewahrt.<\/em><\/h6><h6><em>Marianne Keller, Fl\u00f6tistin, ehemals Sch\u00fclerin von A. Furer, Seminar Marzili<\/em><\/h6>\t\t\t\t\t\t\t\t<\/div>\n\t\t\t\t<\/div>\n\t\t\t\t<div class=\"elementor-element elementor-element-99eaed9 elementor-widget-divider--view-line elementor-widget elementor-widget-divider\" data-id=\"99eaed9\" data-element_type=\"widget\" data-e-type=\"widget\" data-widget_type=\"divider.default\">\n\t\t\t\t<div class=\"elementor-widget-container\">\n\t\t\t\t\t\t\t<div class=\"elementor-divider\">\n\t\t\t<span class=\"elementor-divider-separator\">\n\t\t\t\t\t\t<\/span>\n\t\t<\/div>\n\t\t\t\t\t\t<\/div>\n\t\t\t\t<\/div>\n\t\t\t\t<div class=\"elementor-element elementor-element-3e6019d elementor-widget elementor-widget-text-editor\" data-id=\"3e6019d\" data-element_type=\"widget\" data-e-type=\"widget\" data-widget_type=\"text-editor.default\">\n\t\t\t\t<div class=\"elementor-widget-container\">\n\t\t\t\t\t\t\t\t\t<h6><em><span style=\"color: #000000\"><strong>Musik bei Arthur Furer<\/strong> war etwas ganz Besonderes. Es ist eine Tatsache, dass sich die an Musik nicht ganz so Interessierten oder die etwas weniger Begabten von ihm oft nicht gesch\u00e4tzt f\u00fchlten, ich halte das aber f\u00fcr ein grosses Missverst\u00e4ndnis: Furer war wirklich extrem fordernd und streng, aber er hatte die &#8222;weniger Guten&#8220; nicht weniger gern, sondern wollte sie genauso f\u00f6rdern und verlangte ihnen deshalb gleichviel oder sogar noch mehr ab.<br \/><\/span><\/em><br \/><em><span style=\"color: #000000\">Beispielsweise mussten wir vor der Urauff\u00fchrung der &#8222;Blumenlieder&#8220; unsere Stimme je einzeln auswendig vorsingen k\u00f6nnen. Diese verlangte Verinnerlichung mag \u00fcbertrieben sein, aber ich erinnere mich, dass dass ich nach dem Konzert eine grosse Leere versp\u00fcrte und weinen musste &#8211; ich konnte einfach nicht fassen, dass es jetzt vorbei sein sollte.<br \/><\/span><\/em><br \/><em><span style=\"color: #000000\">Furer war nicht nur als Chorleiter unerbittlich, sondern auch in der Vermittlung des musikgeschichtlichen und theoretischen Stoffes. Das hatte auch Vorteile: so musste ich aufs Musikpatent eigentlich \u00fcberhaupt nicht lernen, sondern konnte einfach aus dem vollen Wissen sch\u00f6pfen, welches uns vermittelt worden war. Das zeugt von einem ausserordentlichen Lehrer. <br \/>(Name der Redaktion bekannt)<\/span><\/em><\/h6>\t\t\t\t\t\t\t\t<\/div>\n\t\t\t\t<\/div>\n\t\t\t\t<div class=\"elementor-element elementor-element-30538dd elementor-widget-divider--view-line elementor-widget elementor-widget-divider\" data-id=\"30538dd\" data-element_type=\"widget\" data-e-type=\"widget\" data-widget_type=\"divider.default\">\n\t\t\t\t<div class=\"elementor-widget-container\">\n\t\t\t\t\t\t\t<div class=\"elementor-divider\">\n\t\t\t<span class=\"elementor-divider-separator\">\n\t\t\t\t\t\t<\/span>\n\t\t<\/div>\n\t\t\t\t\t\t<\/div>\n\t\t\t\t<\/div>\n\t\t\t\t<div class=\"elementor-element elementor-element-49d9877 elementor-widget elementor-widget-text-editor\" data-id=\"49d9877\" data-element_type=\"widget\" data-e-type=\"widget\" data-widget_type=\"text-editor.default\">\n\t\t\t\t<div class=\"elementor-widget-container\">\n\t\t\t\t\t\t\t\t\t<h6><em><strong>kirchentonarten auswendig lernen:<\/strong> ja! Aber das handwerk f\u00fcr den praktischen musikunterricht wurde uns verwehrt. Musikp\u00e4dagogik hatten wir so gut wie keine, wir probten ja dauernd f\u00fcr die konzerte in der \u00f6ffentlichkeit.<br \/>wenn wir uns nach praktika mit konkreten fragen an ihn wendeten, hiess es: \u00abdas traue ich ihnen selber zu, herauszufinden wie das geht, sie m\u00fcssen nur wollen!\u00bb Wir waren dankbar, dass wir die vier jahre musikunterricht im seminar marzili einigermassen \u00fcberstanden hatten. Aus der f\u00fcr mich mangelhaften praxisausbildung heraus machte ich direkt nach seminaraustritt die ausbildung zur musikalischen grundschullehrerin &#8230; da erhielt ich dann die vorenthaltene ad\u00e4quate ausbildung um guten musikunterricht geben zu k\u00f6nnen.<br \/>franziska b\u00fctikofer-frei<\/em><\/h6>\t\t\t\t\t\t\t\t<\/div>\n\t\t\t\t<\/div>\n\t\t\t\t<div class=\"elementor-element elementor-element-6ab40d7 elementor-widget-divider--view-line elementor-widget elementor-widget-divider\" data-id=\"6ab40d7\" data-element_type=\"widget\" data-e-type=\"widget\" data-widget_type=\"divider.default\">\n\t\t\t\t<div class=\"elementor-widget-container\">\n\t\t\t\t\t\t\t<div class=\"elementor-divider\">\n\t\t\t<span class=\"elementor-divider-separator\">\n\t\t\t\t\t\t<\/span>\n\t\t<\/div>\n\t\t\t\t\t\t<\/div>\n\t\t\t\t<\/div>\n\t\t\t\t<div class=\"elementor-element elementor-element-bb5d48b elementor-widget elementor-widget-text-editor\" data-id=\"bb5d48b\" data-element_type=\"widget\" data-e-type=\"widget\" data-widget_type=\"text-editor.default\">\n\t\t\t\t<div class=\"elementor-widget-container\">\n\t\t\t\t\t\t\t\t\t<h6><em><strong>Furer war unser Musiklehrer<\/strong> im Seminar Bern! Er war sehr streng mit uns, wollte das Beste aus unseren Stimmen holen. Erinnere mich an Konzerte in der Franz\u00f6sischen Kirche! Er war zufrieden mit uns. Auch eine seiner Kompositionen, die uns S\u00e4ngerinnen forderten, durften wir in dieser Kirche vortragen.<br \/>(Name der Redaktion bekannt)<br \/><\/em><\/h6><h6><em>\u00a0<\/em><\/h6>\t\t\t\t\t\t\t\t<\/div>\n\t\t\t\t<\/div>\n\t\t\t\t<div class=\"elementor-element elementor-element-42e6f86 elementor-widget-divider--view-line elementor-widget elementor-widget-divider\" data-id=\"42e6f86\" data-element_type=\"widget\" data-e-type=\"widget\" data-widget_type=\"divider.default\">\n\t\t\t\t<div class=\"elementor-widget-container\">\n\t\t\t\t\t\t\t<div class=\"elementor-divider\">\n\t\t\t<span class=\"elementor-divider-separator\">\n\t\t\t\t\t\t<\/span>\n\t\t<\/div>\n\t\t\t\t\t\t<\/div>\n\t\t\t\t<\/div>\n\t\t\t\t<div class=\"elementor-element elementor-element-f0eab3a elementor-widget elementor-widget-text-editor\" data-id=\"f0eab3a\" data-element_type=\"widget\" data-e-type=\"widget\" data-widget_type=\"text-editor.default\">\n\t\t\t\t<div class=\"elementor-widget-container\">\n\t\t\t\t\t\t\t\t\t<h6><em><strong>Meine Tochter war<\/strong> Sch\u00fclerin von Arthur Furer im Fach Musik und als Geigerin im Orchester.\u00a0 An der Patentpr\u00fcfung durfte ich sie begleiten. <\/em><em>Es ging gut! Und der strenge Musiklehrer freute sich \u00fcber unser Zusammenspiel, lobte uns. Wie war ich froh und dankbar. Musik lernen, \u00fcben und ausdr\u00fccken. Das gab er seinen Sch\u00fclerinnen mit. Dazu Freude und inniges Empfinden.<br \/>(Name der Redaktion bekannt)<br \/><\/em><\/h6>\t\t\t\t\t\t\t\t<\/div>\n\t\t\t\t<\/div>\n\t\t\t\t<div class=\"elementor-element elementor-element-3c5ec27 elementor-widget-divider--view-line elementor-widget elementor-widget-divider\" data-id=\"3c5ec27\" data-element_type=\"widget\" data-e-type=\"widget\" data-widget_type=\"divider.default\">\n\t\t\t\t<div class=\"elementor-widget-container\">\n\t\t\t\t\t\t\t<div class=\"elementor-divider\">\n\t\t\t<span class=\"elementor-divider-separator\">\n\t\t\t\t\t\t<\/span>\n\t\t<\/div>\n\t\t\t\t\t\t<\/div>\n\t\t\t\t<\/div>\n\t\t\t\t<div class=\"elementor-element elementor-element-3b92951 elementor-widget elementor-widget-text-editor\" data-id=\"3b92951\" data-element_type=\"widget\" data-e-type=\"widget\" data-widget_type=\"text-editor.default\">\n\t\t\t\t<div class=\"elementor-widget-container\">\n\t\t\t\t\t\t\t\t\t<h6><em>Worte zu Arthur Furer <\/em><\/h6><h6><em><strong>Wir hatten Angst<\/strong> vor ihm &#8211; wenn er lautlos und bleich unter der T\u00fcre des Singsaals auftauchte und bevor die T\u00fcre ins Schloss knallte, auf dem Fl\u00fcgel einen Akkord klingen liess und fragte: &#8222;Was ist das?&#8220;<br \/><\/em><em>Er war streng aber es hat sich gelohnt, wir durften unter seinem Dirigat seine Blumenlieder, Hugo Distel und Schumann im Casinosaal singen-es war fantastisch.<br \/><\/em><em>Unsere Klasse hatte er gerne. Wir waren mit ihm in einer Studienwoche im Schloss M\u00fcnchenwiler. Dort hat er uns erz\u00e4hlt, dass er immer sehr starke Migr\u00e4ne habe und nachts kalt duschen musste zur Linderung. Wir haben ihm alles verziehen.<br \/><\/em><em>Als ich einmal &#8222;Polygamie&#8220; anstatt &#8222;Polyphonie&#8220; sagte, hat er so unvergesslich herzlich gelacht-so bleibt er mir in Erinnerung!<br \/>Christine Lauterburg<br \/><\/em><\/h6>\t\t\t\t\t\t\t\t<\/div>\n\t\t\t\t<\/div>\n\t\t\t\t<div class=\"elementor-element elementor-element-f4ab2a3 elementor-widget-divider--view-line elementor-widget elementor-widget-divider\" data-id=\"f4ab2a3\" data-element_type=\"widget\" data-e-type=\"widget\" data-widget_type=\"divider.default\">\n\t\t\t\t<div class=\"elementor-widget-container\">\n\t\t\t\t\t\t\t<div class=\"elementor-divider\">\n\t\t\t<span class=\"elementor-divider-separator\">\n\t\t\t\t\t\t<\/span>\n\t\t<\/div>\n\t\t\t\t\t\t<\/div>\n\t\t\t\t<\/div>\n\t\t\t\t\t<\/div>\n\t\t<\/div>\n\t\t\t\t\t<\/div>\n\t\t<\/section>\n\t\t\t\t<\/div>\n\t\t","protected":false},"excerpt":{"rendered":"<p>\/*! elementor &#8211; v3.20.0 &#8211; 13-03-2024 *\/ .elementor-widget-divider{&#8211;divider-border-style:none;&#8211;divider-border-width:1px;&#8211;divider-color:#0c0d0e;&#8211;divider-icon-size:20px;&#8211;divider-element-spacing:10px;&#8211;divider-pattern-height:24px;&#8211;divider-pattern-size:20px;&#8211;divider-pattern-url:none;&#8211;divider-pattern-repeat:repeat-x}.elementor-widget-divider .elementor-divider{display:flex}.elementor-widget-divider .elementor-divider__text{font-size:15px;line-height:1;max-width:95%}.elementor-widget-divider .elementor-divider__element{margin:0 var(&#8211;divider-element-spacing);flex-shrink:0}.elementor-widget-divider .elementor-icon{font-size:var(&#8211;divider-icon-size)}.elementor-widget-divider .elementor-divider-separator{display:flex;margin:0;direction:ltr}.elementor-widget-divider&#8211;view-line_icon .elementor-divider-separator,.elementor-widget-divider&#8211;view-line_text .elementor-divider-separator{align-items:center}.elementor-widget-divider&#8211;view-line_icon .elementor-divider-separator:after,.elementor-widget-divider&#8211;view-line_icon .elementor-divider-separator:before,.elementor-widget-divider&#8211;view-line_text .elementor-divider-separator:after,.elementor-widget-divider&#8211;view-line_text .elementor-divider-separator:before{display:block;content:&#8220;&#8220;;border-block-end:0;flex-grow:1;border-block-start:var(&#8211;divider-border-width) var(&#8211;divider-border-style) var(&#8211;divider-color)}.elementor-widget-divider&#8211;element-align-left .elementor-divider .elementor-divider-separator&gt;.elementor-divider__svg:first-of-type{flex-grow:0;flex-shrink:100}.elementor-widget-divider&#8211;element-align-left .elementor-divider-separator:before{content:none}.elementor-widget-divider&#8211;element-align-left .elementor-divider__element{margin-left:0}.elementor-widget-divider&#8211;element-align-right .elementor-divider .elementor-divider-separator&gt;.elementor-divider__svg:last-of-type{flex-grow:0;flex-shrink:100}.elementor-widget-divider&#8211;element-align-right .elementor-divider-separator:after{content:none}.elementor-widget-divider&#8211;element-align-right .elementor-divider__element{margin-right:0}.elementor-widget-divider&#8211;element-align-start .elementor-divider .elementor-divider-separator&gt;.elementor-divider__svg:first-of-type{flex-grow:0;flex-shrink:100}.elementor-widget-divider&#8211;element-align-start .elementor-divider-separator:before{content:none}.elementor-widget-divider&#8211;element-align-start .elementor-divider__element{margin-inline-start:0}.elementor-widget-divider&#8211;element-align-end .elementor-divider .elementor-divider-separator&gt;.elementor-divider__svg:last-of-type{flex-grow:0;flex-shrink:100}.elementor-widget-divider&#8211;element-align-end .elementor-divider-separator:after{content:none}.elementor-widget-divider&#8211;element-align-end .elementor-divider__element{margin-inline-end:0}.elementor-widget-divider:not(.elementor-widget-divider&#8211;view-line_text):not(.elementor-widget-divider&#8211;view-line_icon) .elementor-divider-separator{border-block-start:var(&#8211;divider-border-width) var(&#8211;divider-border-style) var(&#8211;divider-color)}.elementor-widget-divider&#8211;separator-type-pattern{&#8211;divider-border-style:none}.elementor-widget-divider&#8211;separator-type-pattern.elementor-widget-divider&#8211;view-line .elementor-divider-separator,.elementor-widget-divider&#8211;separator-type-pattern:not(.elementor-widget-divider&#8211;view-line) .elementor-divider-separator:after,.elementor-widget-divider&#8211;separator-type-pattern:not(.elementor-widget-divider&#8211;view-line) .elementor-divider-separator:before,.elementor-widget-divider&#8211;separator-type-pattern:not([class*=elementor-widget-divider&#8211;view]) .elementor-divider-separator{width:100%;min-height:var(&#8211;divider-pattern-height);-webkit-mask-size:var(&#8211;divider-pattern-size) 100%;mask-size:var(&#8211;divider-pattern-size) 100%;-webkit-mask-repeat:var(&#8211;divider-pattern-repeat);mask-repeat:var(&#8211;divider-pattern-repeat);background-color:var(&#8211;divider-color);-webkit-mask-image:var(&#8211;divider-pattern-url);mask-image:var(&#8211;divider-pattern-url)}.elementor-widget-divider&#8211;no-spacing{&#8211;divider-pattern-size:auto}.elementor-widget-divider&#8211;bg-round{&#8211;divider-pattern-repeat:round}.rtl .elementor-widget-divider .elementor-divider__text{direction:rtl}.e-con-inner&gt;.elementor-widget-divider,.e-con&gt;.elementor-widget-divider{width:var(&#8211;container-widget-width,100%);&#8211;flex-grow:var(&#8211;container-widget-flex-grow)} \/*! elementor &#8211; v3.20.0 &#8211; 13-03-2024 [&hellip;]<\/p>\n","protected":false},"author":2,"featured_media":0,"parent":0,"menu_order":0,"comment_status":"closed","ping_status":"closed","template":"","meta":{"inline_featured_image":false,"footnotes":""},"class_list":["post-3921","page","type-page","status-publish","hentry"],"_links":{"self":[{"href":"https:\/\/kasparzehnder.com\/de\/wp-json\/wp\/v2\/pages\/3921","targetHints":{"allow":["GET"]}}],"collection":[{"href":"https:\/\/kasparzehnder.com\/de\/wp-json\/wp\/v2\/pages"}],"about":[{"href":"https:\/\/kasparzehnder.com\/de\/wp-json\/wp\/v2\/types\/page"}],"author":[{"embeddable":true,"href":"https:\/\/kasparzehnder.com\/de\/wp-json\/wp\/v2\/users\/2"}],"replies":[{"embeddable":true,"href":"https:\/\/kasparzehnder.com\/de\/wp-json\/wp\/v2\/comments?post=3921"}],"version-history":[{"count":98,"href":"https:\/\/kasparzehnder.com\/de\/wp-json\/wp\/v2\/pages\/3921\/revisions"}],"predecessor-version":[{"id":4115,"href":"https:\/\/kasparzehnder.com\/de\/wp-json\/wp\/v2\/pages\/3921\/revisions\/4115"}],"wp:attachment":[{"href":"https:\/\/kasparzehnder.com\/de\/wp-json\/wp\/v2\/media?parent=3921"}],"curies":[{"name":"wp","href":"https:\/\/api.w.org\/{rel}","templated":true}]}}